{"id":2606,"date":"2017-09-04T15:43:37","date_gmt":"2017-09-04T15:43:37","guid":{"rendered":"https:\/\/demos.wolfthemes.com\/andre\/?page_id=2606"},"modified":"2021-06-23T22:08:15","modified_gmt":"2021-06-23T20:08:15","slug":"o-projekcie","status":"publish","type":"page","link":"https:\/\/natureismyhomeland.asp.krakow.pl\/?page_id=2606","title":{"rendered":"O projekcie"},"content":{"rendered":"<div class=\"wpb-content-wrapper\"><p>[vc_row equal_height=&#8221;&#8221; shift_y=&#8221;0&#8243; z_index=&#8221;0&#8243;][vc_column width=&#8221;1\/2&#8243; shift_x=&#8221;0&#8243; shift_y=&#8221;0&#8243; z_index=&#8221;0&#8243; max_width=&#8221;500&#8243;][vc_custom_heading text=&#8221;#1&#8243; font_size=&#8221;72&#8243; responsive=&#8221;&#8221; text_align=&#8221;right&#8221; css_animation=&#8221;fadeIn&#8221;][vc_column_text css_animation=&#8221;fadeIn&#8221; css_animation_delay=&#8221;200&#8243;]<\/p>\n<p class=\"p1\" style=\"text-align: right;\">Nature is my Homeland \u2013 dzia\u0142ania tw\u00f3rcze (rysunek, instalacja, grafika, dzia\u0142anie intermedialne) skupione na poj\u0119ciu praojczyzny jak\u0105 jest natura, w oparciu o antropologi\u0119 kultury, histori\u0119 sztuki, nauki przyrodnicze.<br \/>\nArty\u015bci i naukowcy podczas warsztat\u00f3w, spotka\u0144, wyk\u0142ad\u00f3w analizowa\u0107 b\u0119d\u0105 modele obcowania cz\u0142owieka z przyrod\u0105 i ich odbicie w sztuce. Istotn\u0105 rol\u0119 odegra poszukiwanie analogii pomi\u0119dzy historycznym i wsp\u00f3\u0142czesnym rozumieniem natury w kulturze polskiej, serbskiej, niemieckiej i ameryka\u0144skiej.<\/p>\n<p>[\/vc_column_text][\/vc_column][vc_column width=&#8221;1\/2&#8243; shift_x=&#8221;0&#8243; shift_y=&#8221;0&#8243; z_index=&#8221;0&#8243; border_color=&#8221;white&#8221; border_style=&#8221;solid&#8221;][vc_single_image image=&#8221;4084&#8243; img_size=&#8221;custom&#8221; full_width=&#8221;1&#8243; opacity=&#8221;100&#8243; custom_img_size=&#8221;550&#215;420&#8243;][\/vc_column][\/vc_row][vc_row equal_height=&#8221;&#8221; font_color=&#8221;light&#8221; background_type=&#8221;image&#8221; background_img=&#8221;4125&#8243; background_effect=&#8221;parallax&#8221; background_img_lazyload=&#8221;1&#8243; add_overlay=&#8221;yes&#8221; overlay_opacity=&#8221;60&#8243; shift_y=&#8221;0&#8243; z_index=&#8221;0&#8243;][vc_column width=&#8221;1\/2&#8243; shift_x=&#8221;0&#8243; shift_y=&#8221;0&#8243; z_index=&#8221;0&#8243; border_color=&#8221;white&#8221; border_style=&#8221;solid&#8221;][\/vc_column][vc_column width=&#8221;1\/2&#8243; shift_x=&#8221;0&#8243; shift_y=&#8221;0&#8243; z_index=&#8221;0&#8243; max_width=&#8221;500&#8243;][vc_custom_heading text=&#8221;#2&#8243; font_size=&#8221;72&#8243; responsive=&#8221;&#8221; text_align=&#8221;left&#8221; css_animation=&#8221;fadeIn&#8221;][vc_column_text css_animation=&#8221;fadeIn&#8221; css_animation_delay=&#8221;200&#8243;]<\/p>\n<p class=\"p1\">Tw\u00f3rcy b\u0119d\u0105 zastanawia\u0107 si\u0119 nad wa\u017cnymi wsp\u00f3\u0142cze\u015bnie pytaniami: Czy natura jest ponadnarodowa i czy mapy etniczne pokrywaj\u0105 si\u0119 z biotopami? Czy ro\u015bliny s\u0105 polityczne? Czy mo\u017cna nakre\u015bli\u0107 inspiruj\u0105ce paralele pomi\u0119dzy procesami<br \/>\nzachodz\u0105cymi w \u015bwiecie ro\u015blin i w spo\u0142ecze\u0144stwie? Czym jest migracja i kolonizacja \u017cywych organizm\u00f3w w kontek\u015bcie rozbudowy miast? Czy przyroda przygl\u0105da si\u0119 historii oboj\u0119tnie? Czym staje si\u0119 imaginarium naszej kultury w kontek\u015bcie schematyzacji postrzegania przyrody? Czy sztuka mo\u017ce uratowa\u0107 Ziemi\u0119?<\/p>\n<p>[\/vc_column_text][\/vc_column][\/vc_row][vc_row equal_height=&#8221;&#8221; shift_y=&#8221;0&#8243; z_index=&#8221;0&#8243;][vc_column width=&#8221;1\/2&#8243; shift_x=&#8221;0&#8243; shift_y=&#8221;0&#8243; z_index=&#8221;0&#8243; max_width=&#8221;500&#8243;][vc_custom_heading text=&#8221;#3&#8243; font_size=&#8221;72&#8243; responsive=&#8221;&#8221; text_align=&#8221;right&#8221; css_animation=&#8221;fadeIn&#8221;][vc_column_text css_animation=&#8221;fadeIn&#8221; css_animation_delay=&#8221;200&#8243;]<\/p>\n<p class=\"p1\" style=\"text-align: right;\">Projekt obejmuje organizacj\u0119 mi\u0119dzynarodowych: WARSZTAT\u00d3W\/SEMINARI\u00d3W przy udziale specjalist\u00f3w, artyst\u00f3w, pedagog\u00f3w i student\u00f3w ASP i trzech zagranicznych uczelni; WYSTAW, SYMPOZJUM anga\u017cuj\u0105cego uczestnik\u00f3w z Polski, Serbii, Stan\u00f3w Zjednoczonych, Niemiec i innych kraj\u00f3w oraz PUBLIKACJ\u0118 monografii.<\/p>\n<p>[\/vc_column_text][\/vc_column][vc_column width=&#8221;1\/2&#8243; shift_x=&#8221;0&#8243; shift_y=&#8221;0&#8243; z_index=&#8221;0&#8243; border_color=&#8221;white&#8221; border_style=&#8221;solid&#8221;][vc_single_image image=&#8221;4110&#8243; img_size=&#8221;custom&#8221; full_width=&#8221;1&#8243; opacity=&#8221;100&#8243; custom_img_size=&#8221;550&#215;420&#8243;][\/vc_column][\/vc_row][vc_row equal_height=&#8221;&#8221; font_color=&#8221;light&#8221; background_type=&#8221;image&#8221; background_img=&#8221;4341&#8243; background_effect=&#8221;parallax&#8221; background_img_lazyload=&#8221;1&#8243; add_overlay=&#8221;yes&#8221; overlay_opacity=&#8221;60&#8243; shift_y=&#8221;0&#8243; z_index=&#8221;0&#8243;][vc_column shift_x=&#8221;0&#8243; shift_y=&#8221;0&#8243; z_index=&#8221;0&#8243; border_color=&#8221;white&#8221; border_style=&#8221;solid&#8221;][vc_row_inner][vc_column_inner width=&#8221;1\/2&#8243;][\/vc_column_inner][vc_column_inner width=&#8221;1\/2&#8243;][vc_custom_heading text=&#8221;#4&#8243; font_size=&#8221;72&#8243; font_family=&#8221;&#8221; text_align=&#8221;left&#8221; font_weight=&#8221;700&#8243; css_animation=&#8221;fadeIn&#8221;][\/vc_column_inner][\/vc_row_inner][vc_row_inner][vc_column_inner width=&#8221;1\/2&#8243;][vc_column_text css_animation=&#8221;fadeIn&#8221; css_animation_delay=&#8221;200&#8243;]<\/p>\n<p class=\"p1\" style=\"text-align: right;\">Marta Bo\u017cyk &#8211; koordynator<br \/>\nzesp\u00f3\u0142: Joanna Kaiser<br \/>\nKatarzyna Skrobiszewska<br \/>\nBogdan Achimescu<br \/>\nAgnieszka Jankowska Marzec<br \/>\nAgnieszka Pletty &#8211; koordynator finansowy<\/p>\n<p style=\"text-align: right;\">Jelena Todorovi\u0107 &#8211; administrator w Belgradzie<\/p>\n<p style=\"text-align: right;\">opiekuni student\u00f3w: prof. Anna Bulanda Pantalacci, Hoghschule Trier; prof. Milivoj Pavlovi\u0107, Serbia, Fakultet Likovnih Umetnosti University of Belgrade; prof. Maria Galbraith, University of Alabama, New College<\/p>\n<p>[\/vc_column_text][vc_wp_text]<\/p>\n<p style=\"text-align: right;\">Prowadz\u0105cy warsztaty na Podhalu &#8211; <strong>Thomas Moecker<\/strong> i\u00a0<strong>Sebastian Goegel<\/strong><\/p>\n<p style=\"text-align: right;\">wyk\u0142ady:<\/p>\n<p style=\"text-align: right;\">prof. Bartosz P\u0142achno UJ &#8211; <em><span class=\"s1\"><b>The Migration of Plants; <\/b><\/span><\/em>\u00a0<span class=\"s2\">prof. Jelena Todorovic FLU &#8211; <em><span class=\"s1\"><b>How nature and space shaped the city; <\/b><\/span><\/em><\/span>dr Agnieszka Jankowska &#8211; Marzec <em><b>The Nature in Art; <\/b><\/em>prof.Marysia Galbraith <em><strong>Handmade Nation: Arts and Crafts Movements and <\/strong><\/em><em><strong>National Identity <\/strong><\/em>and <strong><em>Rooted in Place: Family Heritage and Homeland in the Polish Diaspora<\/em><\/strong><\/p>\n<p>[\/vc_wp_text][\/vc_column_inner][vc_column_inner width=&#8221;1\/2&#8243;][vc_column_text css_animation=&#8221;fadeIn&#8221; css_animation_delay=&#8221;200&#8243;]<\/p>\n<p class=\"p1\"><span style=\"font-size: 12pt;\">kuratorki wystawy <em>The<\/em> <em>Vistula is burning<\/em>: Katarzyna Skrobiszewska, Magdalena Lazar<\/span><\/p>\n<p class=\"p1\"><span style=\"font-size: 12pt;\">kurator wystawy <em>The Elements w Krakowie<\/em>: Marta Bo\u017cyk<\/span><br \/>\n<span style=\"font-size: 12pt;\">liderzy warsztat\u00f3w <em>Zielona Miejska Partyzantka<\/em> Bogdan Achimescu i El\u017cbieta Wysakowska Walters\u00a0<\/span><br \/>\n<span style=\"font-size: 12pt;\">redaktor publikacji podsumowuj\u0105cej projekt: Agnieszka Jankowska Marzec\u00a0<\/span><br \/>\n<span style=\"font-size: 12pt;\">projekt katalogu: Jakub Sowi\u0144ski<\/span><br \/>\n<span style=\"font-size: 12pt;\">zdj\u0119cia: Edyta Dufaj, Karol Pa\u0142ka, Natalia Wiernik, Svietlana Voli\u0107<\/span><br \/>\n<span style=\"font-size: 12pt;\">projekt strony www: Barbara Janczak Morf Studio<\/span><\/p>\n<p>[\/vc_column_text][\/vc_column_inner][\/vc_row_inner][\/vc_column][\/vc_row][vc_row][vc_column width=&#8221;1\/6&#8243;][\/vc_column][vc_column width=&#8221;2\/3&#8243;][vc_column_text]<\/p>\n<p class=\"p1\"><a href=\"https:\/\/natureismyhomeland.asp.krakow.pl\/work\/warsztaty\/\"><strong>WARSZTATY I<\/strong><\/a> na Podhalu, prowadzone przez zaproszonych artyst\u00f3w dla grupy student\u00f3w ze wszystkich instytucji partnerskich, podejm\u0105 temat relacji rodzimego folkloru i sztuki wysokiej w prze\u0142omowych momentach historii.<br \/>\nPodsumowaniem <strong><a href=\"https:\/\/natureismyhomeland.asp.krakow.pl\/work\/the-elements-i-belgrade\/\">WARSZTATU II<\/a> i <a href=\"https:\/\/natureismyhomeland.asp.krakow.pl\/work\/the-elements\/\">WARSZTATU III<\/a><\/strong> pedagog\u00f3w z Serbii i Polski b\u0119dzie <a href=\"https:\/\/natureismyhomeland.asp.krakow.pl\/work\/the-elements-exhibition\/\"><strong>WYSTAWA I<\/strong> <em>The Elements<\/em><\/a>\u00a0 b\u0119dzie stworzenie dw\u00f3ch tek oryginalnych grafik, wystawy w obu krajach oraz publikacja.<br \/>\nW Krakowie odb\u0119dzie si\u0119 <a href=\"https:\/\/natureismyhomeland.asp.krakow.pl\/work\/green-guerillaz-city-activists\/\"><strong>WARSZTAT IV<\/strong> Green Guerillaz City Activists<\/a> grupy student\u00f3w z ASP i z Hochschule Trier zainspirowany dzia\u0142alno\u015bci\u0105 aktywist\u00f3w zielonej partyzantki miejskiej. Rezultatami warsztat\u00f3w b\u0119dzie publikacja prac studenckich. Pod koniec projektu odby\u0142 si\u0119 <a href=\"https:\/\/natureismyhomeland.asp.krakow.pl\/work\/warsztat-v-warsztaty-graficzne-studentow-asp-w-krakowie\/\">WARSZTAT V<\/a> graficzny dla student\u00f3w ASP z Wydzia\u0142u Grafiki w Krakowie. Przez 5 dni 28 student\u00f3w pracowa\u0142o w 5 technikach graficznych. Powsta\u0142e prace b\u0119d\u0105 prezentowane podczas wystawy w Galerii ASP w Bronowicach 2021.<br \/>\n<a href=\"https:\/\/natureismyhomeland.asp.krakow.pl\/work\/the-vistula-is-burning\/\"><strong>WYSTAWA II<\/strong>, <em>The Vistula is burning<\/em><\/a> b\u0119d\u0105ca kontynuacj\u0105 projektu krakowskich artyst\u00f3w, <em>Stopie\u0144 niepoznania<\/em>, z udzia\u0142em artyst\u00f3w polskich oraz student\u00f3w z uczelni partnerskich, odb\u0119dzie si\u0119 w Krakowie. Po wystawie zostany wydany wydany katalog z obu wystaw. W ramach projektu wydany zostanie tak\u017ce katalog <strong>GRUPY 13<\/strong>\u00a0 &#8211; artystek wypowiadaj\u0105cych si\u0119 na temat ekologii w wystawie pod tytu\u0142em <em>\u015amie\u0107\/\u015amier\u0107<\/em>.<br \/>\nDo projektu w\u0142\u0105czamy film &#8211; <a href=\"https:\/\/natureismyhomeland.asp.krakow.pl\/work\/wywiady-ze-specjalistami\/\"><strong>WYWIADY<\/strong><\/a>\u00a0z przyrodnikami i artystami, uznanymi specjalistami. Zostanie on zaprezentowany publicznie a cz\u0119\u015b\u0107 wywiad\u00f3w udost\u0119pniona na stronie projektu. Wywiad z: <a href=\"https:\/\/vimeo.com\/479809257\">Marcinem Kostrzy\u0144skim<\/a>, <a href=\"https:\/\/www.youtube.com\/watch?v=xAdqrk3VXLs&amp;feature=youtu.be&amp;fbclid=IwAR0mOkc6E-pOeX1VV2DFkfyHLPWDtjJwrL2VreKstf6ZBK_sE97e-IP8X3U&amp;ab_channel=KrakowFilmKlaster\">Urszul\u0105 Zaj\u0105czkowsk\u0105<\/a>, <a href=\"https:\/\/www.youtube.com\/watch?v=lmEVC7ZNTEI&amp;feature=youtu.be&amp;fbclid=IwAR04JmL-BvclnM4iwaR88R6wv-Z85Z1Y1d5LNK3FW5cJE9_8VMszhjDcBvI&amp;ab_channel=KrakowFilmKlaster\">Dian\u0105 Lelonek<\/a>, <a href=\"https:\/\/www.youtube.com\/watch?v=ZnAB6WGD2d8&amp;feature=youtu.be&amp;fbclid=IwAR3c2k3tcuI39f6yVCOSj_PpuzoWTFXa12RHYxDJbG81sjUEGfGI9QVGrI0&amp;ab_channel=KrakowFilmKlaster\">Stanis\u0142awem \u0141ubie\u0144skim<\/a>, <a href=\"https:\/\/www.youtube.com\/watch?v=7PwyqISj5JE&amp;feature=youtu.be&amp;ab_channel=KrakowFilmKlaster\">Agnieszk\u0105 i Marcinem Przyby\u0142<\/a> (<a href=\"http:\/\/www.pszczelarium.pl\/\" target=\"_blank\" rel=\"noopener noreferrer\" data-auth=\"NotApplicable\">www.<span class=\"markjalyihuhd\" data-markjs=\"true\" data-ogac=\"\" data-ogab=\"\" data-ogsc=\"\" data-ogsb=\"\">pszczelarium<\/span>.pl<\/a>). Do filmu, kt\u00f3ry b\u0119dzie prezentowany w wersji kinowej oraz na festiwalach filmowych zosta\u0142y wykonane specjalnie dla naszego projektu performance Krzysztofa Maniaka oraz wykorzystane prywatne zdj\u0119cia prac i fragmenty film\u00f3w Diany Lelonek i oraz zdj\u0119cia i animacje Urszuli Zaj\u0105czkowskiej a tak\u017ce nagrania ukryt\u0105 kamer\u0105 Marcina Kostrzy\u0144skiego. Serdecznie dzi\u0119kujemy przyrodnikom i artystom za u\u017cyczenie nam swoich dzie\u0142 a tak\u017ce ekipie Krakow Film Klaster za przepi\u0119knie nagrany wyre\u017cyserowany i zmontowany film. Firmie Hobbit dzi\u0119kujemy za t\u0142umaczenia angielskie wywiad\u00f3w!<\/p>\n<p style=\"text-align: left;\">Projektowi towarzyszy strona internetowa relacjonuj\u0105ca przebieg realizacji projektu.<\/p>\n<p style=\"text-align: left;\">Zwie\u0144czeniem projektu b\u0119d\u0105 <a href=\"https:\/\/natureismyhomeland.asp.krakow.pl\/work\/the-elements-2\/\"><strong>PUBLIKACJE<\/strong><\/a> obszerne, dwuj\u0119zyczne oraz monografia.<br \/>\nJednym z priorytet\u00f3w naszych Uczelni jest umi\u0119dzynarodowienie proces\u00f3w dydaktycznych i badawczych. Prowadz\u0105c intensywn\u0105 wymian\u0119 w ramach programu Erasmus+, potrzebujemy rozszerzonych, d\u0142ugoterminowych system\u00f3w wsp\u00f3\u0142pracy, kt\u00f3re pozwoli\u0142yby na utrwalenie metod tw\u00f3rczych i dydaktycznych w formacie wykraczaj\u0105cym ponad<br \/>\nwymiar mobilno\u015bci jako takiej. Dla pedagog\u00f3w i student\u00f3w projekt oznacza szans\u0119 na stworzenie i przetestowanie nowych procedur oraz zdobycie wielop\u0142aszczyznowych do\u015bwiadcze\u0144. Dla naszej uczelni jest on szans\u0105 na wdro\u017cenie i wypromowanie internacjonalizacji jako wa\u017cnego narz\u0119dzia dydaktyki i przep\u0142ywu idei artystycznych.<\/p>\n<p>[\/vc_column_text][\/vc_column][vc_column width=&#8221;1\/6&#8243;][\/vc_column][\/vc_row]<\/p>\n<\/div>","protected":false},"excerpt":{"rendered":"<p>[vc_row equal_height=&#8221;&#8221; shift_y=&#8221;0&#8243; z_index=&#8221;0&#8243;][vc_column width=&#8221;1\/2&#8243; shift_x=&#8221;0&#8243; shift_y=&#8221;0&#8243; z_index=&#8221;0&#8243; max_width=&#8221;500&#8243;][vc_custom_heading text=&#8221;#1&#8243; font_size=&#8221;72&#8243; responsive=&#8221;&#8221; text_align=&#8221;right&#8221; css_animation=&#8221;fadeIn&#8221;][vc_column_text css_animation=&#8221;fadeIn&#8221; css_animation_delay=&#8221;200&#8243;] Nature is my Homeland \u2013 dzia\u0142ania tw\u00f3rcze (rysunek, instalacja, grafika, dzia\u0142anie intermedialne) skupione na poj\u0119ciu praojczyzny jak\u0105 jest natura, w oparciu o antropologi\u0119 kultury, histori\u0119 sztuki, nauki przyrodnicze. Arty\u015bci i naukowcy podczas warsztat\u00f3w, spotka\u0144, wyk\u0142ad\u00f3w analizowa\u0107 b\u0119d\u0105 modele obcowania&#8230;<\/p>\n<p><a rel=\"bookmark\" class=\"andre_button_alt2 wvc-button wvc-button-size-xs\" href=\"https:\/\/natureismyhomeland.asp.krakow.pl\/?page_id=2606\"><span>Continue reading<\/span><\/a><\/p>\n","protected":false},"author":2,"featured_media":4094,"parent":0,"menu_order":0,"comment_status":"closed","ping_status":"closed","template":"","meta":{"footnotes":""},"class_list":{"0":"post-2606","1":"page","2":"type-page","3":"status-publish","4":"has-post-thumbnail","5":"hentry","6":"entry","7":"clearfix","8":"entry-grid","9":"entry-columns-default","10":"entry-page-module-layout-standard","11":"thumbnail-color-tone-dark","12":"is-youtube","13":"entry-page","15":"entry-page-grid"},"_links":{"self":[{"href":"https:\/\/natureismyhomeland.asp.krakow.pl\/index.php?rest_route=\/wp\/v2\/pages\/2606","targetHints":{"allow":["GET"]}}],"collection":[{"href":"https:\/\/natureismyhomeland.asp.krakow.pl\/index.php?rest_route=\/wp\/v2\/pages"}],"about":[{"href":"https:\/\/natureismyhomeland.asp.krakow.pl\/index.php?rest_route=\/wp\/v2\/types\/page"}],"author":[{"embeddable":true,"href":"https:\/\/natureismyhomeland.asp.krakow.pl\/index.php?rest_route=\/wp\/v2\/users\/2"}],"replies":[{"embeddable":true,"href":"https:\/\/natureismyhomeland.asp.krakow.pl\/index.php?rest_route=%2Fwp%2Fv2%2Fcomments&post=2606"}],"version-history":[{"count":63,"href":"https:\/\/natureismyhomeland.asp.krakow.pl\/index.php?rest_route=\/wp\/v2\/pages\/2606\/revisions"}],"predecessor-version":[{"id":5002,"href":"https:\/\/natureismyhomeland.asp.krakow.pl\/index.php?rest_route=\/wp\/v2\/pages\/2606\/revisions\/5002"}],"wp:featuredmedia":[{"embeddable":true,"href":"https:\/\/natureismyhomeland.asp.krakow.pl\/index.php?rest_route=\/wp\/v2\/media\/4094"}],"wp:attachment":[{"href":"https:\/\/natureismyhomeland.asp.krakow.pl\/index.php?rest_route=%2Fwp%2Fv2%2Fmedia&parent=2606"}],"curies":[{"name":"wp","href":"https:\/\/api.w.org\/{rel}","templated":true}]}}