{"id":129,"date":"2017-08-21T13:53:01","date_gmt":"2017-08-21T13:53:01","guid":{"rendered":"https:\/\/demos.wolfthemes.com\/newtheme\/process\/"},"modified":"2019-12-17T21:15:05","modified_gmt":"2019-12-17T20:15:05","slug":"0-nas","status":"publish","type":"page","link":"https:\/\/natureismyhomeland.asp.krakow.pl\/?page_id=129","title":{"rendered":"O nas i partnerach"},"content":{"rendered":"<div class=\"wpb-content-wrapper\"><p>[vc_row equal_height=&#8221;&#8221; font_color=&#8221;light&#8221; background_type=&#8221;image&#8221; background_img=&#8221;4338&#8243; background_img_lazyload=&#8221;1&#8243; add_overlay=&#8221;yes&#8221; overlay_opacity=&#8221;60&#8243; gap=&#8221;35&#8243; shift_y=&#8221;0&#8243; z_index=&#8221;0&#8243; full_width=&#8221;stretch_row&#8221; padding=&#8221;80px -&#8221; css=&#8221;.vc_custom_1575309214931{padding-top: 80px !important;padding-bottom: 80px !important;}&#8221; min_height=&#8221;600&#8243;][vc_column][vc_empty_space height=&#8221;40&#8243;][vc_custom_heading text=&#8221;O nas i partnerach&#8221; font_size=&#8221;36&#8243; font_family=&#8221;&#8221; font_weight=&#8221;700&#8243;][vc_empty_space height=&#8221;40&#8243;][vc_row_inner][vc_column_inner width=&#8221;1\/4&#8243;][vc_single_image image=&#8221;4061&#8243; img_size=&#8221;large&#8221; full_width=&#8221;1&#8243; opacity=&#8221;100&#8243; max_width=&#8221;60%&#8221;][vc_empty_space height=&#8221;20px&#8221;][\/vc_column_inner][vc_column_inner width=&#8221;1\/4&#8243;][vc_single_image image=&#8221;4066&#8243; img_size=&#8221;large&#8221; full_width=&#8221;1&#8243; opacity=&#8221;100&#8243;][vc_empty_space height=&#8221;20px&#8221;][\/vc_column_inner][vc_column_inner width=&#8221;1\/4&#8243;][vc_single_image image=&#8221;4064&#8243; img_size=&#8221;large&#8221; full_width=&#8221;1&#8243; opacity=&#8221;100&#8243; max_width=&#8221;80%&#8221;][vc_empty_space height=&#8221;20px&#8221;][\/vc_column_inner][vc_column_inner width=&#8221;1\/4&#8243;][vc_single_image image=&#8221;4065&#8243; img_size=&#8221;large&#8221; full_width=&#8221;1&#8243; opacity=&#8221;100&#8243; max_width=&#8221;90%&#8221;][vc_empty_space height=&#8221;20px&#8221;][\/vc_column_inner][\/vc_row_inner][\/vc_column][\/vc_row][vc_row gap=&#8221;35&#8243; full_width=&#8221;stretch_row&#8221; padding=&#8221;80px -&#8222;][vc_column width=&#8221;1\/6&#8243;][\/vc_column][vc_column width=&#8221;2\/3&#8243;][vc_custom_heading text=&#8221;My, jako wyk\u0142adowcy artystycznych uczelni odczuwamy piln\u0105 potrzeb\u0119 zabrania g\u0142osu w sprawie pal\u0105cych problem\u00f3w wsp\u00f3\u0142czesno\u015bci \u2013 przysz\u0142o\u015bci naszej cywilizacji i \u015brodowiska naturalnego.&#8221; font_size=&#8221;30&#8243; responsive=&#8221;yes&#8221; min_font_size=&#8221;18&#8243; font_family=&#8221;&#8221; text_align=&#8221;left&#8221; font_weight=&#8221;700&#8243; tag=&#8221;h4&#8243;][vc_column_text]<\/p>\n<p class=\"p1\">Jednym z wyzwa\u0144 zwi\u0105zanych z ekologicznymi zagro\u017ceniami jest trudno\u015b\u0107 w przekazaniu ich powagi i konsekwencji spo\u0142ecze\u0144stwu, kt\u00f3re pozostaje nieprzekonane mimo powszechnie dost\u0119pnych fakt\u00f3w (\u201cPrzestroga naukowc\u00f3w z ca\u0142ego \u015bwiata dla ludzko\u015bci: drugie ostrze\u017cenie\u201c, podpisana przez 150 tys. naukowc\u00f3w).<\/p>\n<p class=\"p1\">Uwa\u017camy, \u017ce arty\u015bci maj\u0105 tutaj istotn\u0105 rol\u0119 do odegrania, ich \u015bmia\u0142e pomys\u0142y mog\u0105 pom\u00f3c zrozumie\u0107 zbyt abstrakcyjn\u0105 i odleg\u0142\u0105 wiedz\u0119. Zaplanowane w projekcie dzia\u0142ania: warsztaty, prezentacje, publikacje, wyk\u0142ady, spotkania z udzia\u0142em artyst\u00f3w i specjalist\u00f3w z kilku kraj\u00f3w, przyczyni\u0105 si\u0119 do umi\u0119dzynarodowienia debaty na temat wsp\u00f3lnych, ponadnarodowych problem\u00f3w oraz do przep\u0142ywu idei pomi\u0119dzy r\u00f3\u017cnymi obszarami kultury. Wsp\u00f3\u0142praca z The University of Alabama u\u0142atwi nam szersze spojrzenie na zagadnienie.<\/p>\n<p class=\"p1\">W\u015br\u00f3d naszych student\u00f3w, i nie tylko, obserwujemy poch\u0142oni\u0119cie przez rzeczywisto\u015b\u0107 wirtualn\u0105. Uznajemy za niezmiernie wa\u017cne przypomnienie im, \u017ce natura jest pierwsz\u0105 nauczycielk\u0105, szczeg\u00f3lnie tw\u00f3rc\u00f3w. Warsztaty w plenerze, poparte wyk\u0142adami o naturze, jej obecno\u015bci w sztuce od wiek\u00f3w, b\u0119d\u0105 mia\u0142y takie znaczenie. Niezapo\u015bredniczony, uwa\u017cny kontakt z natur\u0105 jest te\u017c pierwszym krokiem ku budzeniu wra\u017cliwo\u015bci ekologicznej.<\/p>\n<p class=\"p1\">Na wymian\u0119 z ASP w Krakowie przyje\u017cd\u017caj\u0105 z HS University of Applied Sciences &amp; Design Trier studenci chc\u0105cy rozwija\u0107 si\u0119 bardziej w artystycznym ni\u017c projektowym kierunku. Wychodz\u0105c naprzeciw tym potrzebom zaplanowali\u015bmy wsp\u00f3\u0142prac\u0119 przy wyzwaniu, jakim jest udzia\u0142 w warsztatach artystycznych oraz stworzeniu wystawy problemowej. My z kolei liczymy na skorzystanie z do\u015bwiadcze\u0144 jakie posiada Hochschule w zakresie pracy w interdyscyplinarnych zespo\u0142ach.<\/p>\n<p class=\"p1\">Wydzia\u0142 Grafiki ASP w Krakowie i Wydzia\u0142 Sztuki Uniwersytetu w Belgradzie \u0142\u0105czy podobne podej\u015bcie do kultywowania tradycji grafiki warsztatowej, wyj\u0105tkowe na tle innych o\u015brodk\u00f3w akademickich w Europie. Potrzebne jest, aby\u015bmy si\u0119 wzajemnie wsparli oraz wymienili do\u015bwiadczeniami i refleksjami dotycz\u0105cymi wsp\u00f3\u0142czesnych tendencji i perspektyw rozwoju tej dziedziny sztuki. Potrzeba stawiania sobie nowych wyzwa\u0144, konfrontacji postaw i do\u015bwiadcze\u0144, zar\u00f3wno ideowych jak i warsztatowych, dotyczy wszystkich artyst\u00f3w pedagog\u00f3w bior\u0105cych udzia\u0142 w projekcie.<\/p>\n<p class=\"p1\">Prowadz\u0105c intensywn\u0105 wymian\u0119 mi\u0119dzynarodow\u0105 obserwujemy, \u017ce studenci przyje\u017cd\u017caj\u0105cy na wymian\u0119 oraz polscy studenci maj\u0105 sk\u0142onno\u015b\u0107 do zamykania si\u0119 w swoich kr\u0119gach. Chcemy zastanowi\u0107 si\u0119, jak uczy\u0107 ich wi\u0119kszej otwarto\u015bci na siebie oraz umiej\u0119tno\u015bci wsp\u00f3\u0142pracy w grupie.<\/p>\n<p class=\"p1\">\u0179r\u00f3d\u0142em tych informacji jest obserwacja podczas zaj\u0119\u0107 w pracowniach, wype\u0142nione przez student\u00f3w ankiety i rozmowy po odbytych stypendiach z koordynatorami program\u00f3w wymiany mi\u0119dzynarodowej na naszej uczelni oraz opinie zebrane w Og\u00f3lnopolskim Badaniu Los\u00f3w Zawodowych Absolwent\u00f3w Uczelni Artystycznych.<\/p>\n<p>[\/vc_column_text][\/vc_column][vc_column width=&#8221;1\/6&#8243;][\/vc_column][\/vc_row][vc_row][vc_column][vc_row_inner][\/vc_row_inner][\/vc_column][\/vc_row]<\/p>\n<\/div>","protected":false},"excerpt":{"rendered":"<p>[vc_row equal_height=&#8221;&#8221; font_color=&#8221;light&#8221; background_type=&#8221;image&#8221; background_img=&#8221;4338&#8243; background_img_lazyload=&#8221;1&#8243; add_overlay=&#8221;yes&#8221; overlay_opacity=&#8221;60&#8243; gap=&#8221;35&#8243; shift_y=&#8221;0&#8243; z_index=&#8221;0&#8243; full_width=&#8221;stretch_row&#8221; padding=&#8221;80px -&#8221; css=&#8221;.vc_custom_1575309214931{padding-top: 80px !important;padding-bottom: 80px !important;}&#8221; min_height=&#8221;600&#8243;][vc_column][vc_empty_space height=&#8221;40&#8243;][vc_custom_heading text=&#8221;O nas i partnerach&#8221; font_size=&#8221;36&#8243; font_family=&#8221;&#8221; font_weight=&#8221;700&#8243;][vc_empty_space height=&#8221;40&#8243;][vc_row_inner][vc_column_inner width=&#8221;1\/4&#8243;][vc_single_image image=&#8221;4061&#8243; img_size=&#8221;large&#8221; full_width=&#8221;1&#8243; opacity=&#8221;100&#8243; max_width=&#8221;60%&#8221;][vc_empty_space height=&#8221;20px&#8221;][\/vc_column_inner][vc_column_inner width=&#8221;1\/4&#8243;][vc_single_image image=&#8221;4066&#8243; img_size=&#8221;large&#8221; full_width=&#8221;1&#8243; opacity=&#8221;100&#8243;][vc_empty_space height=&#8221;20px&#8221;][\/vc_column_inner][vc_column_inner width=&#8221;1\/4&#8243;][vc_single_image image=&#8221;4064&#8243; img_size=&#8221;large&#8221; full_width=&#8221;1&#8243; opacity=&#8221;100&#8243; max_width=&#8221;80%&#8221;][vc_empty_space height=&#8221;20px&#8221;][\/vc_column_inner][vc_column_inner width=&#8221;1\/4&#8243;][vc_single_image image=&#8221;4065&#8243; img_size=&#8221;large&#8221; full_width=&#8221;1&#8243; opacity=&#8221;100&#8243; max_width=&#8221;90%&#8221;][vc_empty_space&#8230;<\/p>\n<p><a rel=\"bookmark\" class=\"andre_button_alt2 wvc-button wvc-button-size-xs\" href=\"https:\/\/natureismyhomeland.asp.krakow.pl\/?page_id=129\"><span>Continue reading<\/span><\/a><\/p>\n","protected":false},"author":2,"featured_media":0,"parent":0,"menu_order":0,"comment_status":"closed","ping_status":"closed","template":"","meta":{"footnotes":""},"class_list":{"0":"post-129","1":"page","2":"type-page","3":"status-publish","4":"hentry","5":"entry","6":"clearfix","7":"entry-grid","8":"entry-columns-default","9":"entry-page-module-layout-standard","10":"no-post-thumbnail","11":"entry-page","13":"entry-page-grid"},"_links":{"self":[{"href":"https:\/\/natureismyhomeland.asp.krakow.pl\/index.php?rest_route=\/wp\/v2\/pages\/129","targetHints":{"allow":["GET"]}}],"collection":[{"href":"https:\/\/natureismyhomeland.asp.krakow.pl\/index.php?rest_route=\/wp\/v2\/pages"}],"about":[{"href":"https:\/\/natureismyhomeland.asp.krakow.pl\/index.php?rest_route=\/wp\/v2\/types\/page"}],"author":[{"embeddable":true,"href":"https:\/\/natureismyhomeland.asp.krakow.pl\/index.php?rest_route=\/wp\/v2\/users\/2"}],"replies":[{"embeddable":true,"href":"https:\/\/natureismyhomeland.asp.krakow.pl\/index.php?rest_route=%2Fwp%2Fv2%2Fcomments&post=129"}],"version-history":[{"count":21,"href":"https:\/\/natureismyhomeland.asp.krakow.pl\/index.php?rest_route=\/wp\/v2\/pages\/129\/revisions"}],"predecessor-version":[{"id":5138,"href":"https:\/\/natureismyhomeland.asp.krakow.pl\/index.php?rest_route=\/wp\/v2\/pages\/129\/revisions\/5138"}],"wp:attachment":[{"href":"https:\/\/natureismyhomeland.asp.krakow.pl\/index.php?rest_route=%2Fwp%2Fv2%2Fmedia&parent=129"}],"curies":[{"name":"wp","href":"https:\/\/api.w.org\/{rel}","templated":true}]}}