{"id":125,"date":"2017-08-21T13:53:01","date_gmt":"2017-08-21T13:53:01","guid":{"rendered":"https:\/\/demos.wolfthemes.com\/newtheme\/accordion\/"},"modified":"2021-06-23T18:25:56","modified_gmt":"2021-06-23T16:25:56","slug":"kalendarz","status":"publish","type":"page","link":"https:\/\/natureismyhomeland.asp.krakow.pl\/?page_id=125","title":{"rendered":"Kalendarz Imprez"},"content":{"rendered":"<div class=\"wpb-content-wrapper\"><p>[vc_row full_height=&#8221;yes&#8221; columns_placement=&#8221;top&#8221; equal_height=&#8221;&#8221; shift_y=&#8221;0&#8243; z_index=&#8221;0&#8243;][vc_column content_placement=&#8221;top&#8221; width=&#8221;1\/3&#8243; shift_x=&#8221;0&#8243; shift_y=&#8221;0&#8243; z_index=&#8221;0&#8243;][vc_icon icon_fontawesome=&#8221;fa fa-calendar-check-o&#8221; text_alignement=&#8221;left&#8221; size=&#8221;fa-3x&#8221;][vc_column_text]Kalendarz zawiera wydarzenia zar\u00f3wno maj\u0105ce si\u0119 odby\u0107, jak i te, kt\u00f3re ju\u017c zosta\u0142y zrealizowane. Dokumentacj\u0119 wydarze\u0144 mo\u017cna obejrze\u0107 w dziale <strong>Zrealizowane<\/strong>.[\/vc_column_text][vc_button button_type=&#8221;andre_button_text&#8221; title=&#8221;Zobacz Zrealizowane&#8221; size=&#8221;xs&#8221; align=&#8221;left&#8221; font_weight=&#8221;700&#8243; link=&#8221;url:https%3A%2F%2Fnatureismyhomeland.asp.krakow.pl%2Fzrealizowane%2F|||&#8221;][\/vc_column][vc_column width=&#8221;2\/3&#8243;][vc_accordion][vc_accordion_tab title=&#8221;28.06.2019 \u2013 4.07.2019 &#8211; Warsztat I &#8211; mi\u0119dzynarodowe warsztaty dla student\u00f3w na Podhalu&#8221;][vc_button button_type=&#8221;andre_button_text&#8221; title=&#8221;Zobacz dokumentacj\u0119&#8221; size=&#8221;xs&#8221; align=&#8221;left&#8221; font_weight=&#8221;700&#8243; link=&#8221;url:https%3A%2F%2Fnatureismyhomeland.asp.krakow.pl%2Fwork%2Fwarsztaty%2F|||&#8221;][vc_column_text]<\/p>\n<p class=\"p1\">Mi\u0119dzynarodowe tw\u00f3rcze warsztaty interdyscyplinarne dla student\u00f3w z 4 uczelni w Polsce na Podhalu \/ International, creative, interdisciplinary workshops for students from 4 universities in Poland in Podhale with leading of two artists from Germany \u2013 WORKSHOPS I \u2013\u00a0<b>WARSZTAT\u00a0I\u00a0<\/b>\u2013 studenci z Serbii, Niemiec, USA i Polski wraz z pedagogami ze swoich uczelni wezm\u0105 udzia\u0142 w dzia\u0142aniach tw\u00f3rczych w plenerze prowadzonych przez dw\u00f3ch artyst\u00f3w niemieckich.\u00a0 5 student\u00f3w z Serbii, 5 z Niemiec, 4 z USA.<\/p>\n<p>[\/vc_column_text][\/vc_accordion_tab][vc_accordion_tab title=&#8221;23-29.09.2019 \u2013 Warsztat II &#8211; The Elements in Belgrade&#8221;][vc_column_text]<\/p>\n<p class=\"p1\"><b><a href=\"https:\/\/natureismyhomeland.asp.krakow.pl\/work\/the-elements-i-belgrade\/\"><em>The Elements<\/em> I<\/a> \/ <\/b>Elementy natury(\u017cywio\u0142y) w warsztacie graficznym \u2013 Warsztaty graficzne dla pedagog\u00f3w z Akademii Sztuk Pi\u0119knych w University of Belgrade. Warsztat II<\/p>\n<p>[\/vc_column_text][\/vc_accordion_tab][vc_accordion_tab title=&#8221;20-26.10.2019 \u2013 Warsztat III &#8211; The Elements in Krakow&#8221;][vc_column_text]<\/p>\n<p class=\"p1\"><a href=\"https:\/\/natureismyhomeland.asp.krakow.pl\/work\/the-elements\/\"><strong><em>The Elements II<\/em> <\/strong><\/a>&#8211; Warsztaty graficzne dla 7 pedagog\u00f3w z University of Belgrade w Akademii Sztuk Pi\u0119knych w Krakowie \u2013 <b>printmaking<\/b>\u00a0<b>workshops in Krakow<\/b><\/p>\n<p>[\/vc_column_text][\/vc_accordion_tab][vc_accordion_tab title=&#8221;20.07-25.07.2020 \u2013 GREEN GUERILLAZ CITY ACTIVISTS \u2013 Miejska zielona partyzantka \u2013 WARSZTAT IV&#8221;][vc_column_text]<\/p>\n<p class=\"p1\">Zadanie anga\u017cuje 21 student\u00f3w (10 z Krakowa, 11 z Trewiru) przez 5 dni. Pod opiek\u0105 dydaktyk\u00f3w oraz inspirowani wyk\u0142adami, grupa student\u00f3w z Krakowa, Trewiru i Belgradu stworzy\u0142o formy artystyczne zwi\u0105zane z ide\u0105 wsparcia dla zwierz\u0105t i ro\u015blin \u017cyj\u0105cych w miastach. Przyjmuj\u0105c otwarty i poetycki punkt widzenia, zastanowi\u0105 si\u0119 nad potrzebami form \u017cycia, z kt\u00f3rymi wsp\u00f3\u0142istniejemy. Prowadzenie wyk\u0142adowcy ASP: Bogdan Achimescu oraz El\u017cbieta Wysakowska-Walters. Zaproszeni specjali\u015bci to arty\u015bci: Istvan Eross z W\u0119gier (22.07), Elissa Ericsson z Finlandii (21.07) oraz pszczelarze: Agnieszka i \u0141ukasz Przyby\u0142 z Katowic (21.07).<\/p>\n<p>[\/vc_column_text][\/vc_accordion_tab][vc_accordion_tab title=&#8221;21.10.-3.11.2020 \u2013 WYSTAWA &#8211; The Vistula is burning, hotel Cracovia, al. marsz. Ferdynanda Focha 1&#8243;][vc_column_text]<\/p>\n<p class=\"p1\"><a href=\"https:\/\/natureismyhomeland.asp.krakow.pl\/work\/the-vistula-is-burning\/\"><em><b>The Vistula Is Burning <\/b><\/em><\/a>wystawa artyst\u00f3w i student\u00f3w polskich oraz z miast partnerskich, Trewiru i Belgradu, kurator: dr Katarzyna Skrobiszewska i dr Magdalena Lazar.<\/p>\n<p>ARTY\u015aCI: <span class=\"s1\">Emilija Radoji\u010di\u0107 <\/span><span class=\"s1\">i Mario Kolari\u0107, <\/span><span class=\"s1\">Davor Gromilovi\u0107, <\/span><span class=\"s1\">Lea Gudrich, <\/span><span class=\"s1\">Luka Cvetkovi\u0107, <\/span><span class=\"s1\">Johannes Vogl, <\/span><span class=\"s1\">Tijana Petrovi\u0107, <\/span><span class=\"s1\">Zuzanna Banasi\u0144ska, <\/span><span class=\"s1\">Magdalena Lazar, <\/span><span class=\"s1\">Michalina Bigaj, <\/span><span class=\"s1\">Katarzyna Skrobiszewska\u00a0<\/span><\/p>\n<div dir=\"ltr\">\n<div>\n<p id=\"gmail-docs-internal-guid-e89a9cad-7fff-b39d-eeb0-983f2f7c8c63\" dir=\"ltr\"><strong><span style=\"font-size: small;\"><span id=\"gmail-docs-internal-guid-296acf7f-7fff-fb3d-9579-2aa4f01b5f05\">Wis\u0142a si\u0119 pali<\/span><\/span><\/strong><\/p>\n<p dir=\"ltr\"><span style=\"font-size: small;\"><span id=\"gmail-docs-internal-guid-296acf7f-7fff-fb3d-9579-2aa4f01b5f05\"><\/span><em>Mimo, \u017ce katastrofa ekologiczna sp\u0119dza sen z powiek zaczynamy stopniowo przeczuwa\u0107 jasne strony tego co mo\u017ce wydarzy\u0107 si\u0119 po chaosie. Kryzys ekologiczny sta\u0142 si\u0119 na tyle obecny w naszej \u015bwiadomo\u015bci i nieod\u0142\u0105czny do\u015bwiadczeniu, \u017ce sprowokowa\u0142 niezwyk\u0142\u0105 reakcj\u0119 wyobra\u017ani. Pojawia si\u0119 taki styl narracji, kt\u00f3ra intensywne penetruje j\u0119zyk w celu lokalizacji kulturowych wzorc\u00f3w i metafor dla tego, co niesamowite, niedyskursywne a realne. P\u0142on\u0105ca woda jako zderzenie dw\u00f3ch \u017cywio\u0142\u00f3w, jest rodzajem nowych narodzin.<\/em><\/span><\/p>\n<\/div>\n<\/div>\n<p>[\/vc_column_text][\/vc_accordion_tab][vc_accordion_tab title=&#8221;wystawa &#8211; Grupa 13 \u015amier\u0107\/\u015bmie\u0107 2020&#8243;][vc_column_text]<\/p>\n<p class=\"p1\">Wystawa\u00a0<a class=\"internal-link\" href=\"https:\/\/natureismyhomeland.asp.krakow.pl\/work\/smieci-smierc-wystawa-grupy-13\/\"><strong><em>\u015amier\u0107\/\u015amie\u0107<\/em>\u00a0<\/strong>Grupy 13<\/a> odby\u0142a si\u0119 w przy ul. Dolnych M\u0142yn\u00f3w w Budynkach Grupy Tytano w Krakowie.\u00a0 Grup\u0119 13 tworz\u0105 kobiety artystki: fotografki, graficzki, kostiumografki.<\/p>\n<p class=\"p1\">Grupa istnieje od 20 lat i prezentuje swoje dzie\u0142a w Polsce i na \u015bwiecie. Ich ostatnia wystawa towarzyszy projektowi\u00a0<em>Nature is my Homeland<\/em>\u00a0i uzupe\u0142nia problematyk\u0119 szacunku do natury o w\u0105tki ekologiczne. W ramach projektu wydany zostanie katalog powystawowy ukazuj\u0105cy dorobek i ostatni\u0105 wystaw\u0119 grupy.<\/p>\n<p>https:\/\/pl.wikipedia.org\/wiki\/Grupa_13_(grupa_artystyczna)[\/vc_column_text][\/vc_accordion_tab][vc_accordion_tab title=&#8221;WYSTAWA &#8211; The Elements &#8211; Belgrad, Krak\u00f3w wrzesie\u0144 2020&#8243; el_class=&#8221;Wystawa The Elements w Krakowie i w Belgradzie&#8221;][vc_wp_text title=&#8221;1.04.2020 Belgrad, 12.05.2020 Krak\u00f3w &#8211; Wystawa &#8211; The Elements&#8221;]Wystawa grafik artyst\u00f3w i pracownik\u00f3w dw\u00f3ch szk\u00f3\u0142 artystycznych wy\u017cszych <strong><em>The Elements<\/em><\/strong> &#8211; University of Belgrade Belgrad, Akademia Sztuk Pi\u0119knych w Krakowie. Wystawa powstaje w wyniku warsztat\u00f3w Nature is my Homeland finansowanych z NAWA.<\/p>\n<p class=\"p1\"><strong>17.09.2020<\/strong> &#8211; <strong><em> The Elements<\/em> &#8211; <\/strong>FLU Gallery &#8211; Fakultet Likovnih Umetnosti University of Belgrade, Knez Mihailova 53, Serbia<\/p>\n<p><strong>8.09-02.10.2020<\/strong>\u00a0 &#8211;<a href=\"https:\/\/natureismyhomeland.asp.krakow.pl\/work\/the-elements-exhibition\/\"><strong><em> The Elements<\/em> <\/strong><\/a>&#8211; <span style=\"font-size: 12pt;\">Mi\u0119dzynarodowe Centrum Sztuk Graficznych <\/span>&#8211; Rynek G\u0142\u00f3wny 29, 2 pi\u0119tro, Krak\u00f3w, Polska<\/p>\n<p>POLISH ARTISTS: \u00a0Marcin Surzycki, Piotr Panasiewicz, Kacper Bo\u017cek, Tomasz Winiarski, Marta Bo\u017cyk, Bart\u0142omiej Chwilczy\u0144ski, Marlena Biczak, Pawe\u0142 Krzywdziak<\/p>\n<p>SERBIAN ARTISTS:<span class=\"s1\">\u00a0<\/span><span class=\"s1\">Simonida Raj\u010devi\u0107, <\/span><span class=\"s1\">Adam Panti\u0107, <\/span><span class=\"s1\">Svetlana Volic, <\/span><span class=\"s1\">Milivoj Pavlovi\u0107, <\/span><span class=\"s1\">Rado\u0161 Antonijevi\u0107, <\/span><span class=\"s1\">Katarina Zari\u0107, <\/span><span class=\"s1\">Marija Andjelkovic<\/span>[\/vc_wp_text][\/vc_accordion_tab][vc_accordion_tab title=&#8221;lato 2020 \u2013 realizacja filmu &#8211; wywiady z przyrodnikami i artystami \/ Film &#8211; interview with scientists and artists&#8221;][vc_column_text]<\/p>\n<p class=\"p1\">Do projektu w\u0142\u0105czamy film \u2013\u00a0<strong>WYWIADY<\/strong>\u00a0z przyrodnikami i artystami, uznanymi specjalistami. Zostanie on zaprezentowany publicznie a cz\u0119\u015b\u0107 wywiad\u00f3w udost\u0119pniona na stronie projektu. Wywiad z:<\/p>\n<p class=\"p1\"><a href=\"https:\/\/vimeo.com\/479809257?fbclid=IwAR1KYvKXl7HEMeqyUV5xdyJVO2gFFiPfJVVjZL4SrEY190DMKVU-1py_KY0\">Marcinem Kostrzy\u0144skim<\/a>,<\/p>\n<p class=\"p1\"><a href=\"https:\/\/www.youtube.com\/watch?v=xAdqrk3VXLs&amp;feature=youtu.be&amp;fbclid=IwAR0mOkc6E-pOeX1VV2DFkfyHLPWDtjJwrL2VreKstf6ZBK_sE97e-IP8X3U&amp;ab_channel=KrakowFilmKlaster\">Urszul\u0105 Zaj\u0105czkowsk\u0105<\/a>,<\/p>\n<p class=\"p1\"><a href=\"https:\/\/www.youtube.com\/watch?v=lmEVC7ZNTEI&amp;feature=youtu.be&amp;fbclid=IwAR04JmL-BvclnM4iwaR88R6wv-Z85Z1Y1d5LNK3FW5cJE9_8VMszhjDcBvI&amp;ab_channel=KrakowFilmKlaster\">Dian\u0105 Lelonek<\/a>,<\/p>\n<p class=\"p1\"><a href=\"https:\/\/www.youtube.com\/watch?v=ZnAB6WGD2d8&amp;feature=youtu.be&amp;fbclid=IwAR3c2k3tcuI39f6yVCOSj_PpuzoWTFXa12RHYxDJbG81sjUEGfGI9QVGrI0&amp;ab_channel=KrakowFilmKlaster\">Stanis\u0142awem \u0141ubie\u0144skim<\/a>,<\/p>\n<p><a href=\"https:\/\/www.youtube.com\/watch?v=7PwyqISj5JE&amp;feature=youtu.be&amp;ab_channel=KrakowFilmKlaster\">Agnieszk\u0105 i \u0141ukaszem Przyby\u0142 (pszczelarium).<\/a><\/p>\n<p class=\"p1\">Do filmu, kt\u00f3ry b\u0119dzie prezentowany w wersji kinowej oraz na festiwalach filmowych zosta\u0142y wykonane specjalnie dla naszego projektu performance Krzysztofa Maniaka oraz wykorzystane prywatne zdj\u0119cia prac i fragmenty film\u00f3w Diany Lelonek i oraz zdj\u0119cia i animacje Urszuli Zaj\u0105czkowskiej a tak\u017ce nagrania ukryt\u0105 kamer\u0105 Marcina Kostrzy\u0144skiego. Serdecznie dzi\u0119kujemy przyrodnikom i artystom za u\u017cyczenie nam swoich dzie\u0142 a tak\u017ce ekipie Krakow Film Klaster za przepi\u0119knie nagrany, wyre\u017cyserowany i zmontowany film. Firmie Hobbit dzi\u0119kujemy za t\u0142umaczenia angielskie wywiad\u00f3w w filmie!<\/p>\n<p>[\/vc_column_text][\/vc_accordion_tab][vc_accordion_tab title=&#8221;Publikacje&#8221;][vc_column_text]<\/p>\n<ol>\n<li class=\"p1\">Wydanie dwuj\u0119zycznej <b>publikacji\u00a0<\/b>o zasi\u0119gu mi\u0119dzynarodowym podsumowuj\u0105cej projekt <em>Nature is my Homeland.<\/em><\/li>\n<li class=\"p1\">Wydanie dwuj\u0119zycznej <b>publikacji\u00a0<\/b>o zasi\u0119gu mi\u0119dzynarodowym do wystawy <em>The Elements<\/em>.<\/li>\n<li class=\"p1\">Wydanie dwuj\u0119zycznej <b>publikacji\u00a0<\/b>o zasi\u0119gu mi\u0119dzynarodowym po wystawie <a href=\"https:\/\/issuu.com\/marlenabiczak\/docs\/katalog_smiec_smierc_do_wgladu_strony\"><em>\u015amie\u0107\/\u015bmier\u0107<\/em> Grupa 13<\/a>.\n<p class=\"p1\">Wystawa <a href=\"https:\/\/natureismyhomeland.asp.krakow.pl\/work\/smieci-smierc-wystawa-grupy-13\/\"><strong><em>\u015amier\u0107\/\u015amie\u0107<\/em> <\/strong>Grupy 13<\/a> odby\u0142 si\u0119 w przy ul. Dolnych M\u0142yn\u00f3w w Budynkach Grupy Tytano w Krakowie.\u00a0 Grup\u0119 13 tworz\u0105 kobiety artystki: fotografki, graficzki, kostiumografki.\u00a0Katalog dokumentuje wystaw\u0119 podejmuj\u0105c\u0105 tematy ekologii i recyklingu oraz 20 letni\u0105 histori\u0119 grupy kobiet artystek.<\/p>\n<p class=\"p1\">Grupa istnieje od 20 lat i prezentuje swoje dzie\u0142a w Polsce i na \u015bwiecie. Ich ostatnia wystawa towarzyszy projektowi <em>Nature is my Homeland<\/em> i uzupe\u0142nia problematyk\u0119 szacunku do natury o w\u0105tki ekologiczne. W ramach projektu wydany zostanie katalog powystawowy ukazuj\u0105cy dorobek i ostatni\u0105 wystaw\u0119 grupy.<\/p>\n<p>https:\/\/pl.wikipedia.org\/wiki\/Grupa_13_(grupa_artystyczna)<\/li>\n<li class=\"p1\">Wydanie dwuj\u0119zycznej <b>publikacji\u00a0<\/b>o zasi\u0119gu mi\u0119dzynarodowym <em>Stopie\u0144 Niepoznania &#8211; The Vistula is burning<\/em>.<\/li>\n<li class=\"p1\">Wydanie <strong>szkicownik\u00f3w <\/strong><em>Green Guerillaz<\/em>.<\/li>\n<\/ol>\n<p>[\/vc_column_text][\/vc_accordion_tab][vc_accordion_tab title=&#8221;Warsztat V &#8211; warsztaty graficzne ze studentami Wydzia\u0142u Grafiki ASP w Krakowie 14-18.06.2021&#8243;][\/vc_accordion_tab][\/vc_accordion][\/vc_column][\/vc_row]<\/p>\n<\/div>","protected":false},"excerpt":{"rendered":"<p>[vc_row full_height=&#8221;yes&#8221; columns_placement=&#8221;top&#8221; equal_height=&#8221;&#8221; shift_y=&#8221;0&#8243; z_index=&#8221;0&#8243;][vc_column content_placement=&#8221;top&#8221; width=&#8221;1\/3&#8243; shift_x=&#8221;0&#8243; shift_y=&#8221;0&#8243; z_index=&#8221;0&#8243;][vc_icon icon_fontawesome=&#8221;fa fa-calendar-check-o&#8221; text_alignement=&#8221;left&#8221; size=&#8221;fa-3x&#8221;][vc_column_text]Kalendarz zawiera wydarzenia zar\u00f3wno maj\u0105ce si\u0119 odby\u0107, jak i te, kt\u00f3re ju\u017c zosta\u0142y zrealizowane. Dokumentacj\u0119 wydarze\u0144 mo\u017cna obejrze\u0107 w dziale Zrealizowane.[\/vc_column_text][vc_button button_type=&#8221;andre_button_text&#8221; title=&#8221;Zobacz Zrealizowane&#8221; size=&#8221;xs&#8221; align=&#8221;left&#8221; font_weight=&#8221;700&#8243; link=&#8221;url:https%3A%2F%2Fnatureismyhomeland.asp.krakow.pl%2Fzrealizowane%2F|||&#8221;][\/vc_column][vc_column width=&#8221;2\/3&#8243;][vc_accordion][vc_accordion_tab title=&#8221;28.06.2019 \u2013 4.07.2019 &#8211; Warsztat I &#8211; mi\u0119dzynarodowe warsztaty dla student\u00f3w na&#8230;<\/p>\n<p><a rel=\"bookmark\" class=\"andre_button_alt2 wvc-button wvc-button-size-xs\" href=\"https:\/\/natureismyhomeland.asp.krakow.pl\/?page_id=125\"><span>Continue reading<\/span><\/a><\/p>\n","protected":false},"author":2,"featured_media":4035,"parent":0,"menu_order":0,"comment_status":"closed","ping_status":"closed","template":"","meta":{"footnotes":""},"class_list":{"0":"post-125","1":"page","2":"type-page","3":"status-publish","4":"has-post-thumbnail","5":"hentry","6":"entry","7":"clearfix","8":"entry-grid","9":"entry-columns-default","10":"entry-page-module-layout-standard","11":"thumbnail-color-tone-dark","12":"is-youtube","13":"entry-page","15":"entry-page-grid"},"_links":{"self":[{"href":"https:\/\/natureismyhomeland.asp.krakow.pl\/index.php?rest_route=\/wp\/v2\/pages\/125","targetHints":{"allow":["GET"]}}],"collection":[{"href":"https:\/\/natureismyhomeland.asp.krakow.pl\/index.php?rest_route=\/wp\/v2\/pages"}],"about":[{"href":"https:\/\/natureismyhomeland.asp.krakow.pl\/index.php?rest_route=\/wp\/v2\/types\/page"}],"author":[{"embeddable":true,"href":"https:\/\/natureismyhomeland.asp.krakow.pl\/index.php?rest_route=\/wp\/v2\/users\/2"}],"replies":[{"embeddable":true,"href":"https:\/\/natureismyhomeland.asp.krakow.pl\/index.php?rest_route=%2Fwp%2Fv2%2Fcomments&post=125"}],"version-history":[{"count":112,"href":"https:\/\/natureismyhomeland.asp.krakow.pl\/index.php?rest_route=\/wp\/v2\/pages\/125\/revisions"}],"predecessor-version":[{"id":4908,"href":"https:\/\/natureismyhomeland.asp.krakow.pl\/index.php?rest_route=\/wp\/v2\/pages\/125\/revisions\/4908"}],"wp:featuredmedia":[{"embeddable":true,"href":"https:\/\/natureismyhomeland.asp.krakow.pl\/index.php?rest_route=\/wp\/v2\/media\/4035"}],"wp:attachment":[{"href":"https:\/\/natureismyhomeland.asp.krakow.pl\/index.php?rest_route=%2Fwp%2Fv2%2Fmedia&parent=125"}],"curies":[{"name":"wp","href":"https:\/\/api.w.org\/{rel}","templated":true}]}}